{"id":119,"date":"2023-02-20T14:02:54","date_gmt":"2023-02-20T13:02:54","guid":{"rendered":"https:\/\/emsland.work\/pt\/?page_id=119"},"modified":"2024-06-10T20:04:05","modified_gmt":"2024-06-10T18:04:05","slug":"assistencia-pessoal","status":"publish","type":"page","link":"https:\/\/emsland.work\/pt\/assistencia-pessoal\/","title":{"rendered":"Assist\u00eancia pessoal"},"content":{"rendered":"\n\t<section class=\"section dark\" id=\"section_755501786\">\n\t\t<div class=\"section-bg fill\" >\n\t\t\t\t\t\t\t\t\t\n\t\t\t\n\n\t\t<\/div>\n\n\t\t\n\n\t\t<div class=\"section-content relative\">\n\t\t\t\n<div class=\"row row-collapse row-full-width align-middle\"  id=\"row-77898853\">\n\n\t<div id=\"col-1397351356\" class=\"col medium-12 small-12 large-6\"  >\n\t\t\t\t<div class=\"col-inner text-left\"  >\n\t\t\t\n\t\t\t\n<h1>Assist\u00eancia Pessoal para Pessoal Estrangeiro Qualificado<\/h1>\n<p>Como profissional qualificado, procura um novo desafio? Talvez no estrangeiro? Talvez fosse ideal para si vir para a Alemanha e, especificamente, para a regi\u00e3o de Emsland. emsland.work apoia-o e aconselha-o desde o in\u00edcio: encontramos-lhe um emprego ou um novo desafio de carreira de acordo com as suas prefer\u00eancias e acompanhamo-lo durante todo o processo, fornecendo-lhe cobertura social. Ajudamo-lo a si e \u00e0 sua fam\u00edlia a sentirem-se em casa. Isso beneficia n\u00e3o s\u00f3 voc\u00ea, mas tamb\u00e9m a regi\u00e3o em que voc\u00ea trabalharia, Emsland. <\/p>\n<a href=\"#kontakt\" class=\"button white\"  style=\"border-radius:99px;\">\n\t\t<span>Aconselhamento gratuito<\/span>\n\t<\/a>\n\n\t\t<\/div>\n\t\t\t\t\n<style>\n#col-1397351356 > .col-inner {\n  padding: 100px 15px 40px 15px;\n  max-width: 800px;\n}\n@media (min-width:550px) {\n  #col-1397351356 > .col-inner {\n    padding: 160px 0px 40px 0px;\n  }\n}\n@media (min-width:850px) {\n  #col-1397351356 > .col-inner {\n    padding: 40px 40px 40px 40px;\n  }\n}\n<\/style>\n\t<\/div>\n\n\t\n\n\t<div id=\"col-1354878407\" class=\"col medium-12 small-12 large-6\"  >\n\t\t\t\t<div class=\"col-inner\"  >\n\t\t\t\n\t\t\t\n\t<div class=\"img has-hover x md-x lg-x y md-y lg-y\" id=\"image_514159769\">\n\t\t\t\t\t\t<div data-animate=\"blurIn\">\t\t<div class=\"img-inner image-cover dark\" style=\"padding-top:100vh;\">\n\t\t\t<img loading=\"lazy\" decoding=\"async\" width=\"1020\" height=\"680\" src=\"https:\/\/emsland.work\/pt\/wp-content\/uploads\/2023\/02\/young-woman-volunteer-helping-ukrainian-man-conso-2022-11-19-08-10-16-utc-1024x683.jpg\" class=\"attachment-large size-large\" alt=\"\" srcset=\"https:\/\/emsland.work\/pt\/wp-content\/uploads\/2023\/02\/young-woman-volunteer-helping-ukrainian-man-conso-2022-11-19-08-10-16-utc-1024x683.jpg 1024w, https:\/\/emsland.work\/pt\/wp-content\/uploads\/2023\/02\/young-woman-volunteer-helping-ukrainian-man-conso-2022-11-19-08-10-16-utc-300x200.jpg 300w, https:\/\/emsland.work\/pt\/wp-content\/uploads\/2023\/02\/young-woman-volunteer-helping-ukrainian-man-conso-2022-11-19-08-10-16-utc-768x512.jpg 768w, https:\/\/emsland.work\/pt\/wp-content\/uploads\/2023\/02\/young-woman-volunteer-helping-ukrainian-man-conso-2022-11-19-08-10-16-utc-1536x1024.jpg 1536w, https:\/\/emsland.work\/pt\/wp-content\/uploads\/2023\/02\/young-woman-volunteer-helping-ukrainian-man-conso-2022-11-19-08-10-16-utc-2048x1365.jpg 2048w\" sizes=\"auto, (max-width: 1020px) 100vw, 1020px\" \/>\t\t\t\t\t\t\n\t\t\t\t\t<\/div>\n\t\t<\/div>\t\t\t\t\t\t\n<style>\n#image_514159769 {\n  width: 100%;\n}\n<\/style>\n\t<\/div>\n\t\n\t\t<\/div>\n\t\t\t\t\t<\/div>\n\n\t\n<\/div>\n\t\t<\/div>\n\n\t\t\n<style>\n#section_755501786 {\n  padding-top: 0px;\n  padding-bottom: 0px;\n  min-height: 99vh;\n  background-color: #063e73;\n}\n<\/style>\n\t<\/section>\n\t\n\n\n\t<section class=\"section\" id=\"section_765746047\">\n\t\t<div class=\"section-bg fill\" >\n\t\t\t\t\t\t\t\t\t<div class=\"section-bg-overlay absolute fill\"><\/div>\n\t\t\t\n\n\t\t<\/div>\n\n\t\t\n\n\t\t<div class=\"section-content relative\">\n\t\t\t\n<div class=\"row row-collapse row-full-width align-middle\"  id=\"row-1826683611\">\n\n\t<div id=\"col-1877956225\" class=\"col medium-12 small-12 large-6\"  >\n\t\t\t\t<div class=\"col-inner\"  >\n\t\t\t\n\t\t\t\n<div class=\"slider-wrapper relative\" id=\"slider-1379865329\" >\n    <div class=\"slider slider-nav-circle slider-nav-large slider-nav-light slider-style-normal\"\n        data-flickity-options='{\n            \"cellAlign\": \"center\",\n            \"imagesLoaded\": true,\n            \"lazyLoad\": 1,\n            \"freeScroll\": false,\n            \"wrapAround\": true,\n            \"autoPlay\": 6000,\n            \"pauseAutoPlayOnHover\" : true,\n            \"prevNextButtons\": true,\n            \"contain\" : true,\n            \"adaptiveHeight\" : true,\n            \"dragThreshold\" : 10,\n            \"percentPosition\": true,\n            \"pageDots\": true,\n            \"rightToLeft\": false,\n            \"draggable\": true,\n            \"selectedAttraction\": 0.1,\n            \"parallax\" : 0,\n            \"friction\": 0.6        }'\n        >\n        \n\t<div class=\"img has-hover x md-x lg-x y md-y lg-y\" id=\"image_943344301\">\n\t\t\t\t\t\t<div data-animate=\"blurIn\">\t\t<div class=\"img-inner image-cover dark\" style=\"padding-top:75%;\">\n\t\t\t<img loading=\"lazy\" decoding=\"async\" width=\"1020\" height=\"680\" src=\"https:\/\/emsland.work\/pt\/wp-content\/uploads\/2023\/02\/senior-woman-volunteer-helping-ukrainian-man-to-fi-2022-11-18-08-55-50-utc-1024x683.jpg\" class=\"attachment-large size-large\" alt=\"\" srcset=\"https:\/\/emsland.work\/pt\/wp-content\/uploads\/2023\/02\/senior-woman-volunteer-helping-ukrainian-man-to-fi-2022-11-18-08-55-50-utc-1024x683.jpg 1024w, https:\/\/emsland.work\/pt\/wp-content\/uploads\/2023\/02\/senior-woman-volunteer-helping-ukrainian-man-to-fi-2022-11-18-08-55-50-utc-300x200.jpg 300w, https:\/\/emsland.work\/pt\/wp-content\/uploads\/2023\/02\/senior-woman-volunteer-helping-ukrainian-man-to-fi-2022-11-18-08-55-50-utc-768x512.jpg 768w, https:\/\/emsland.work\/pt\/wp-content\/uploads\/2023\/02\/senior-woman-volunteer-helping-ukrainian-man-to-fi-2022-11-18-08-55-50-utc-1536x1024.jpg 1536w, https:\/\/emsland.work\/pt\/wp-content\/uploads\/2023\/02\/senior-woman-volunteer-helping-ukrainian-man-to-fi-2022-11-18-08-55-50-utc-2048x1365.jpg 2048w\" sizes=\"auto, (max-width: 1020px) 100vw, 1020px\" \/>\t\t\t\t\t\t\n\t\t\t\t\t<\/div>\n\t\t<\/div>\t\t\t\t\t\t\n<style>\n#image_943344301 {\n  width: 100%;\n}\n<\/style>\n\t<\/div>\n\t\n     <\/div>\n\n     <div class=\"loading-spin dark large centered\"><\/div>\n\n\t<\/div>\n\n\n\t\t<\/div>\n\t\t\t\t\t<\/div>\n\n\t\n\n\t<div id=\"col-982399152\" class=\"col medium-12 small-12 large-6 medium-col-first\"  >\n\t\t\t\t<div class=\"col-inner text-left\"  >\n\t\t\t\n\t\t\t\n<h2>Tratamos da gest\u00e3o dos seus documentos<\/h2>\n<p>Gra\u00e7as \u00e0 nossa longa experi\u00eancia em Jobcoaching e integra\u00e7\u00e3o profissional, disponibilizamos-lhe uma rede de apoio que o ajudar\u00e1 em todo o tipo de procedimentos burocr\u00e1ticos, bem como na tradu\u00e7\u00e3o e certifica\u00e7\u00e3o de documentos oficiais. Tamb\u00e9m podemos ajud\u00e1-lo a organizar os seus documentos quando se candidata a um emprego. Da mesma forma, aconselhamo-lo quando se trata de entrevistas de emprego e podemos acompanh\u00e1-lo se tiver de se dirigir \u00e0 Administra\u00e7\u00e3o ou a outros \u00f3rg\u00e3os burocr\u00e1ticos (por exemplo, o Registo Civil). Voc\u00ea diz-nos o que precisa e n\u00f3s ajudamos para que possa conseguir um emprego\u00a0 numa empresa local.\u00a0<\/p>\n<p>Estaremos l\u00e1 sempre que precisar de n\u00f3s.<\/p>\n<a href=\"https:\/\/emsland.work\/pt\/contato\/\" class=\"button primary\"  style=\"border-radius:99px;\">\n\t\t<span>Contate j\u00e1<\/span>\n\t<\/a>\n\n\t\t<\/div>\n\t\t\t\t\n<style>\n#col-982399152 > .col-inner {\n  padding: 40px 40px 40px 40px;\n  max-width: 800px;\n}\n<\/style>\n\t<\/div>\n\n\t\n<\/div>\n\t\t<\/div>\n\n\t\t\n<style>\n#section_765746047 {\n  padding-top: 0px;\n  padding-bottom: 0px;\n  background-color: rgb(247, 247, 247);\n}\n#section_765746047 .section-bg-overlay {\n  background-color: rgba(255, 255, 255, 0.85);\n}\n<\/style>\n\t<\/section>\n\t\n\n\n\t<section class=\"section\" id=\"section_1702484581\">\n\t\t<div class=\"section-bg fill\" >\n\t\t\t\t\t\t\t\t\t\n\t\t\t\n\n\t\t<\/div>\n\n\t\t\n\n\t\t<div class=\"section-content relative\">\n\t\t\t\n<div class=\"row row-collapse align-middle\"  id=\"row-857310037\">\n\n\t<div id=\"col-649674593\" class=\"col medium-12 small-12 large-12\"  >\n\t\t\t\t<div class=\"col-inner text-center\"  >\n\t\t\t\n\t\t\t\n<h2 class=\"lead\">Procurar um emprego em Emsland<\/h2>\n<p>De acordo com o relat\u00f3rio econ\u00f3mico anual do Minist\u00e9rio dos Assuntos Econ\u00f3micos e da Prote\u00e7\u00e3o do Ambiente, a regi\u00e3o de Emsland \u00e9 uma das regi\u00f5es de crescimento mais r\u00e1pido e mais desenvolvidas da Alemanha. Com uma elevada taxa de emprego, uma baixa taxa de desemprego jovem e uma ampla cobertura nas presta\u00e7\u00f5es sociais (Seguran\u00e7a Social) destacamo-nos como um destino profissional atrativo. Emsland est\u00e1 crescendo e, portanto, precisa de m\u00e3o de obra. <\/p>\n<div class=\"row\"  id=\"row-278140480\">\n\n\t<div id=\"col-222905351\" class=\"col medium-4 small-12 large-4\"  data-animate=\"fadeInLeft\">\n\t\t\t\t<div class=\"col-inner\"  >\n\t\t\t\n\t\t\t\n\n\t\t<div class=\"icon-box featured-box icon-box-center text-center\"  >\n\t\t\t\t\t<div class=\"icon-box-img\" style=\"width: 60px\">\n\t\t\t\t<div class=\"icon\">\n\t\t\t\t\t<div class=\"icon-inner\" style=\"color:rgb(6, 62, 115);\">\n\t\t\t\t\t\t<svg xmlns=\"http:\/\/www.w3.org\/2000\/svg\" width=\"128\" height=\"128\" viewBox=\"0 0 128 128\">\r\n  <title>BEST EMPLOYEE<\/title>\r\n  <g>\r\n    <path d=\"M109.072,58.428a5.214,5.214,0,0,0-2.89-8.894L81.158,45.9a1.714,1.714,0,0,1-1.291-.938L68.676,22.284a5.214,5.214,0,0,0-9.352,0L48.133,44.96a1.714,1.714,0,0,1-1.29.938L21.818,49.534a5.214,5.214,0,0,0-2.89,8.894L37.037,76.079a1.717,1.717,0,0,1,.492,1.517l-4.275,24.923a5.214,5.214,0,0,0,7.566,5.5L63.2,96.248a1.715,1.715,0,0,1,1.594,0L87.18,108.016a5.214,5.214,0,0,0,7.566-5.5L90.471,77.6a1.712,1.712,0,0,1,.493-1.517ZM87.021,78.188,91.3,103.111a1.714,1.714,0,0,1-2.487,1.807L66.427,93.151a5.207,5.207,0,0,0-4.853,0L39.191,104.918a1.714,1.714,0,0,1-2.487-1.807l4.274-24.923a5.209,5.209,0,0,0-1.5-4.615L21.371,55.922A1.714,1.714,0,0,1,22.321,53l25.025-3.636a5.213,5.213,0,0,0,3.925-2.853L62.463,23.833a1.714,1.714,0,0,1,3.074,0L76.728,46.509a5.217,5.217,0,0,0,3.926,2.853L105.679,53a1.715,1.715,0,0,1,.95,2.924L88.521,73.572A5.213,5.213,0,0,0,87.021,78.188Z\"\/>\r\n    <path d=\"M71.287,66.3a10.41,10.41,0,1,0-13.063,0A14.731,14.731,0,0,0,49.29,79.826v3a1.75,1.75,0,0,0,1.75,1.75H78.472a1.751,1.751,0,0,0,1.75-1.75v-3A14.732,14.732,0,0,0,71.287,66.3Zm-6.531-15a6.91,6.91,0,1,1-6.91,6.91A6.917,6.917,0,0,1,64.756,51.3ZM76.722,81.071H52.79V79.826A11.222,11.222,0,0,1,64,68.616h1.511a11.223,11.223,0,0,1,11.211,11.21Z\"\/>\r\n  <\/g>\r\n<\/svg>\r\n\t\t\t\t\t<\/div>\n\t\t\t\t<\/div>\n\t\t\t<\/div>\n\t\t\t\t<div class=\"icon-box-text last-reset\">\n\t\t\t\t\t\t\t\t\t\n<h3>Suporte no local<\/h3>\n<p>Estamos ao seu dispor \u2013 assist\u00eancia, tradu\u00e7\u00f5es, tr\u00e2mites burocr\u00e1ticos.<\/p>\n\t\t<\/div>\n\t<\/div>\n\t\n\t\n\t\t<\/div>\n\t\t\t\t\n<style>\n#col-222905351 > .col-inner {\n  border-radius: 10px;\n}\n<\/style>\n\t<\/div>\n\n\t\n\n\t<div id=\"col-1935850056\" class=\"col medium-4 small-12 large-4\"  data-animate=\"fadeInLeft\">\n\t\t\t\t<div class=\"col-inner\"  >\n\t\t\t\n\t\t\t\n\n\t\t<div class=\"icon-box featured-box icon-box-center text-center\"  >\n\t\t\t\t\t<div class=\"icon-box-img\" style=\"width: 60px\">\n\t\t\t\t<div class=\"icon\">\n\t\t\t\t\t<div class=\"icon-inner\" style=\"color:rgb(6, 62, 115);\">\n\t\t\t\t\t\t<svg xmlns=\"http:\/\/www.w3.org\/2000\/svg\" width=\"128\" height=\"128\" viewBox=\"0 0 128 128\">\r\n  <title>INTERVIEW<\/title>\r\n  <g>\r\n    <path d=\"M101.37,50.14H87.72V26.63a9.391,9.391,0,0,0-9.38-9.38H26.63a9.391,9.391,0,0,0-9.38,9.38V76.11a1.751,1.751,0,0,0,2.761,1.429L34.767,67.1H40.28V90.61a9.391,9.391,0,0,0,9.38,9.38H93.233l14.756,10.439a1.749,1.749,0,0,0,1.011.321,1.747,1.747,0,0,0,1.75-1.75V59.52A9.391,9.391,0,0,0,101.37,50.14ZM34.21,63.6a1.752,1.752,0,0,0-1.011.321L20.75,72.728V26.63a5.887,5.887,0,0,1,5.88-5.88H78.34a5.887,5.887,0,0,1,5.88,5.88V57.72a5.887,5.887,0,0,1-5.88,5.88Zm73.04,42.018L94.8,96.811a1.76,1.76,0,0,0-1.011-.321H49.66a5.886,5.886,0,0,1-5.88-5.88V67.1H78.34a9.391,9.391,0,0,0,9.38-9.38V53.64h13.65a5.886,5.886,0,0,1,5.88,5.88Z\"\/>\r\n    <path d=\"M95.156,84.483H55.875a1.75,1.75,0,0,0,0,3.5H95.156a1.75,1.75,0,0,0,0-3.5Z\"\/>\r\n    <path d=\"M95.156,73.039H55.875a1.75,1.75,0,1,0,0,3.5H95.156a1.75,1.75,0,0,0,0-3.5Z\"\/>\r\n    <path d=\"M95.156,61.6H92.005a1.75,1.75,0,0,0,0,3.5h3.151a1.75,1.75,0,0,0,0-3.5Z\"\/>\r\n    <path d=\"M45.224,34.546a1.748,1.748,0,0,0,2.393-.631,5.629,5.629,0,1,1,6.46,8.228,4.784,4.784,0,0,0-3.343,4.611v2.275a1.75,1.75,0,0,0,3.5,0V46.754a1.288,1.288,0,0,1,.832-1.254,9.15,9.15,0,0,0,6.544-8.916A9.042,9.042,0,0,0,58.79,30.2a9.072,9.072,0,0,0-14.2,1.956A1.749,1.749,0,0,0,45.224,34.546Z\"\/>\r\n    <path d=\"M52.485,53.142a1.842,1.842,0,1,0,1.842,1.842A1.842,1.842,0,0,0,52.485,53.142Z\"\/>\r\n  <\/g>\r\n<\/svg>\r\n\t\t\t\t\t<\/div>\n\t\t\t\t<\/div>\n\t\t\t<\/div>\n\t\t\t\t<div class=\"icon-box-text last-reset\">\n\t\t\t\t\t\t\t\t\t\n<h3>Honestidade e transpar\u00eancia<\/h3>\n<p>O seu futuro est\u00e1 nas suas m\u00e3os. Apoiamo-lo de forma honesta e transparente.<\/p>\n\t\t<\/div>\n\t<\/div>\n\t\n\t\n\t\t<\/div>\n\t\t\t\t\t<\/div>\n\n\t\n\n\t<div id=\"col-711714109\" class=\"col medium-4 small-12 large-4\"  data-animate=\"fadeInLeft\">\n\t\t\t\t<div class=\"col-inner\"  >\n\t\t\t\n\t\t\t\n\n\t\t<div class=\"icon-box featured-box icon-box-center text-center\"  >\n\t\t\t\t\t<div class=\"icon-box-img\" style=\"width: 60px\">\n\t\t\t\t<div class=\"icon\">\n\t\t\t\t\t<div class=\"icon-inner\" style=\"color:rgb(6, 62, 115);\">\n\t\t\t\t\t\t<svg xmlns=\"http:\/\/www.w3.org\/2000\/svg\" width=\"128\" height=\"128\" viewBox=\"0 0 128 128\">\r\n  <title>GRADUATED<\/title>\r\n  <path d=\"M109.506,49.924l-45-13.58a1.744,1.744,0,0,0-1.012,0l-45,13.58a1.75,1.75,0,0,0,0,3.351l18.472,5.571L35.076,81.223a1.751,1.751,0,0,0,1.267,1.831l.6.171a100.005,100.005,0,0,0,27.1,3.731,98.966,98.966,0,0,0,13.857-.99V89.98a1.75,1.75,0,0,0,1.75,1.75H89.88a1.749,1.749,0,0,0,1.75-1.75V83.061l.027-.007a1.751,1.751,0,0,0,1.267-1.831L91.033,58.846l18.472-5.571a1.75,1.75,0,0,0,0-3.351ZM38.685,80.075l1.707-20.2,23.1,6.967a1.76,1.76,0,0,0,1.01,0l18.51-5.582V73.7A6.874,6.874,0,0,0,77.9,80.34v2.1A96.5,96.5,0,0,1,38.685,80.075ZM88.13,88.23H81.4V80.34a3.369,3.369,0,0,1,3.348-3.369l.017,0,.012,0A3.368,3.368,0,0,1,88.13,80.34Zm.742-13.388A6.735,6.735,0,0,0,86.515,73.7V60.208l1.093-.329ZM84.806,57.068,64.581,49.944a1.75,1.75,0,0,0-1.162,3.3L79.13,58.779,64,63.342,25.059,51.6,64,39.848,102.941,51.6Z\"\/>\r\n<\/svg>\r\n\t\t\t\t\t<\/div>\n\t\t\t\t<\/div>\n\t\t\t<\/div>\n\t\t\t\t<div class=\"icon-box-text last-reset\">\n\t\t\t\t\t\t\t\t\t\n<h3>Compet\u00eancia e conhecimento<\/h3>\n<p>N\u00e3o importa o que seja, estamos l\u00e1 e temos tudo o que precisa<\/p>\n\t\t<\/div>\n\t<\/div>\n\t\n\t\n\t\t<\/div>\n\t\t\t\t\t<\/div>\n\n\t\n<\/div>\n\t<div id=\"gap-1471118064\" class=\"gap-element clearfix\" style=\"display:block; height:auto;\">\n\t\t\n<style>\n#gap-1471118064 {\n  padding-top: 30px;\n}\n<\/style>\n\t<\/div>\n\t\n\t\t<\/div>\n\t\t\t\t\n<style>\n#col-649674593 > .col-inner {\n  padding: 40px 40px 40px 40px;\n}\n<\/style>\n\t<\/div>\n\n\t\n<\/div>\n\t\t<\/div>\n\n\t\t\n<style>\n#section_1702484581 {\n  padding-top: 80px;\n  padding-bottom: 80px;\n}\n<\/style>\n\t<\/section>\n\t\n\n\t<section class=\"section dark\" id=\"section_531983325\">\n\t\t<div class=\"section-bg fill\" >\n\t\t\t\t\t\t\t\t\t\n\t\t\t\n\n\t\t<\/div>\n\n\t\t\n\n\t\t<div class=\"section-content relative\">\n\t\t\t\n<div class=\"row\"  id=\"row-2031253959\">\n\n\t<div id=\"col-381159491\" class=\"col medium-2 small-12 large-2\"  >\n\t\t\t\t<div class=\"col-inner\"  >\n\t\t\t\n\t\t\t\n\t<div class=\"img has-hover circle x md-x lg-x y md-y lg-y\" id=\"image_1783762484\">\n\t\t\t\t\t\t\t\t<div class=\"img-inner image-cover dark\" style=\"padding-top:100%;\">\n\t\t\t<img loading=\"lazy\" decoding=\"async\" width=\"1020\" height=\"680\" src=\"https:\/\/emsland.work\/pt\/wp-content\/uploads\/2023\/09\/20230919-emsland-work-3910-\u00a9HEESE-0218-Kopie-1024x683.jpg\" class=\"attachment-large size-large\" alt=\"\" srcset=\"https:\/\/emsland.work\/pt\/wp-content\/uploads\/2023\/09\/20230919-emsland-work-3910-\u00a9HEESE-0218-Kopie-1024x683.jpg 1024w, https:\/\/emsland.work\/pt\/wp-content\/uploads\/2023\/09\/20230919-emsland-work-3910-\u00a9HEESE-0218-Kopie-300x200.jpg 300w, https:\/\/emsland.work\/pt\/wp-content\/uploads\/2023\/09\/20230919-emsland-work-3910-\u00a9HEESE-0218-Kopie-768x512.jpg 768w, https:\/\/emsland.work\/pt\/wp-content\/uploads\/2023\/09\/20230919-emsland-work-3910-\u00a9HEESE-0218-Kopie-1536x1024.jpg 1536w, https:\/\/emsland.work\/pt\/wp-content\/uploads\/2023\/09\/20230919-emsland-work-3910-\u00a9HEESE-0218-Kopie-2048x1366.jpg 2048w\" sizes=\"auto, (max-width: 1020px) 100vw, 1020px\" \/>\t\t\t\t\t\t\n\t\t\t\t\t<\/div>\n\t\t\t\t\t\t\t\t\n<style>\n#image_1783762484 {\n  width: 100%;\n}\n<\/style>\n\t<\/div>\n\t\n\t\t<\/div>\n\t\t\t\t\t<\/div>\n\n\t\n\n\t<div id=\"col-691414776\" class=\"col medium-10 small-12 large-6\"  >\n\t\t\t\t<div class=\"col-inner text-left\"  >\n\t\t\t\n\t\t\t\n<span class=\"scroll-to\" data-label=\"Scroll to: #kontakt\" data-bullet=\"false\" data-link=\"#kontakt\" data-title=\"kontakt\" ><a name=\"kontakt\"><\/a><\/span>\n\t<div id=\"text-1388330197\" class=\"text bold strong\">\n\t\t\n<p>Encontr\u00e1mos o emprego certo para si!<\/p>\n\t\t\n<style>\n#text-1388330197 {\n  font-size: 2rem;\n  line-height: 1.2;\n  text-align: center;\n  color: #063e73;\n}\n#text-1388330197 > * {\n  color: #063e73;\n}\n@media (min-width:550px) {\n  #text-1388330197 {\n    font-size: 4rem;\n    text-align: left;\n  }\n}\n<\/style>\n\t<\/div>\n\t\n<a href=\"https:\/\/emsland.work\/pt\/contato\/\" class=\"button primary\"  style=\"border-radius:25px;\">\n\t\t<span>Aconselhe-se agora<\/span>\n\t<\/a>\n\n\t\t<\/div>\n\t\t\t\t\t<\/div>\n\n\t\n<\/div>\n\t\t<\/div>\n\n\t\t\n<style>\n#section_531983325 {\n  padding-top: 60px;\n  padding-bottom: 60px;\n  background-color: #fbdb34;\n}\n<\/style>\n\t<\/section>\n\t\n","protected":false},"excerpt":{"rendered":"","protected":false},"author":1,"featured_media":0,"parent":0,"menu_order":0,"comment_status":"closed","ping_status":"closed","template":"","meta":{"footnotes":""},"class_list":["post-119","page","type-page","status-publish","hentry"],"_links":{"self":[{"href":"https:\/\/emsland.work\/pt\/wp-json\/wp\/v2\/pages\/119","targetHints":{"allow":["GET"]}}],"collection":[{"href":"https:\/\/emsland.work\/pt\/wp-json\/wp\/v2\/pages"}],"about":[{"href":"https:\/\/emsland.work\/pt\/wp-json\/wp\/v2\/types\/page"}],"author":[{"embeddable":true,"href":"https:\/\/emsland.work\/pt\/wp-json\/wp\/v2\/users\/1"}],"replies":[{"embeddable":true,"href":"https:\/\/emsland.work\/pt\/wp-json\/wp\/v2\/comments?post=119"}],"version-history":[{"count":10,"href":"https:\/\/emsland.work\/pt\/wp-json\/wp\/v2\/pages\/119\/revisions"}],"predecessor-version":[{"id":458,"href":"https:\/\/emsland.work\/pt\/wp-json\/wp\/v2\/pages\/119\/revisions\/458"}],"wp:attachment":[{"href":"https:\/\/emsland.work\/pt\/wp-json\/wp\/v2\/media?parent=119"}],"curies":[{"name":"wp","href":"https:\/\/api.w.org\/{rel}","templated":true}]}}